{"id":8193,"date":"2025-12-13T03:39:32","date_gmt":"2025-12-13T01:39:32","guid":{"rendered":"https:\/\/3cxcloud.lt\/?page_id=8193"},"modified":"2025-12-23T01:06:47","modified_gmt":"2025-12-22T23:06:47","slug":"sms-uslugi","status":"publish","type":"page","link":"https:\/\/3cxcloud.lt\/pl\/sms-uslugi\/","title":{"rendered":"SMS us\u0142ugi"},"content":{"rendered":"\t\t<div data-elementor-type=\"wp-page\" data-elementor-id=\"8193\" class=\"elementor elementor-8193\">\n\t\t\t\t\t\t<section class=\"elementor-section elementor-top-section elementor-element elementor-element-4f96d05 elementor-section-boxed elementor-section-height-default elementor-section-height-default\" data-id=\"4f96d05\" data-element_type=\"section\" data-e-type=\"section\">\n\t\t\t\t\t\t<div class=\"elementor-container elementor-column-gap-default\">\n\t\t\t\t\t<div class=\"elementor-column elementor-col-100 elementor-top-column elementor-element elementor-element-c25f636\" data-id=\"c25f636\" data-element_type=\"column\" data-e-type=\"column\">\n\t\t\t<div class=\"elementor-widget-wrap elementor-element-populated\">\n\t\t\t\t\t\t<div class=\"elementor-element elementor-element-be03a65 elementor-widget elementor-widget-heading\" data-id=\"be03a65\" data-element_type=\"widget\" data-e-type=\"widget\" data-widget_type=\"heading.default\">\n\t\t\t\t<div class=\"elementor-widget-container\">\n\t\t\t\t\t<h1 class=\"elementor-heading-title elementor-size-default\">Integracja API 3CX Cloud \u2013 zaawansowane funkcje dla firm<\/h1>\t\t\t\t<\/div>\n\t\t\t\t<\/div>\n\t\t\t\t\t<\/div>\n\t\t<\/div>\n\t\t\t\t\t<\/div>\n\t\t<\/section>\n\t\t\t\t<section class=\"elementor-section elementor-top-section elementor-element elementor-element-106738c elementor-section-boxed elementor-section-height-default elementor-section-height-default\" data-id=\"106738c\" data-element_type=\"section\" data-e-type=\"section\">\n\t\t\t\t\t\t<div class=\"elementor-container elementor-column-gap-default\">\n\t\t\t\t\t<div class=\"elementor-column elementor-col-100 elementor-top-column elementor-element elementor-element-abf46f6\" data-id=\"abf46f6\" data-element_type=\"column\" data-e-type=\"column\">\n\t\t\t<div class=\"elementor-widget-wrap elementor-element-populated\">\n\t\t\t\t\t\t<div class=\"elementor-element elementor-element-54fc40e elementor-widget elementor-widget-image\" data-id=\"54fc40e\" data-element_type=\"widget\" data-e-type=\"widget\" data-widget_type=\"image.default\">\n\t\t\t\t<div class=\"elementor-widget-container\">\n\t\t\t\t\t\t\t\t\t\t\t\t\t\t\t<img fetchpriority=\"high\" decoding=\"async\" width=\"1379\" height=\"436\" src=\"https:\/\/3cxcloud.lt\/wp-content\/uploads\/2025\/12\/3CX_Cloud_SMS-1.png\" class=\"attachment-2048x2048 size-2048x2048 wp-image-8514\" alt=\"3CX Cloud \u2013 masowe wysy\u0142ki SMS i zaawansowana SMS samoobs\u0142uga\" srcset=\"https:\/\/3cxcloud.lt\/wp-content\/uploads\/2025\/12\/3CX_Cloud_SMS-1.png 1379w, https:\/\/3cxcloud.lt\/wp-content\/uploads\/2025\/12\/3CX_Cloud_SMS-1-300x95.png 300w, https:\/\/3cxcloud.lt\/wp-content\/uploads\/2025\/12\/3CX_Cloud_SMS-1-1024x324.png 1024w, https:\/\/3cxcloud.lt\/wp-content\/uploads\/2025\/12\/3CX_Cloud_SMS-1-768x243.png 768w\" sizes=\"(max-width: 1379px) 100vw, 1379px\" \/>\t\t\t\t\t\t\t\t\t\t\t\t\t\t\t<\/div>\n\t\t\t\t<\/div>\n\t\t\t\t\t<\/div>\n\t\t<\/div>\n\t\t\t\t\t<\/div>\n\t\t<\/section>\n\t\t\t\t<section class=\"elementor-section elementor-top-section elementor-element elementor-element-4f92c8e elementor-section-boxed elementor-section-height-default elementor-section-height-default\" data-id=\"4f92c8e\" data-element_type=\"section\" data-e-type=\"section\">\n\t\t\t\t\t\t<div class=\"elementor-container elementor-column-gap-default\">\n\t\t\t\t\t<div class=\"elementor-column elementor-col-100 elementor-top-column elementor-element elementor-element-6a26387\" data-id=\"6a26387\" data-element_type=\"column\" data-e-type=\"column\">\n\t\t\t<div class=\"elementor-widget-wrap elementor-element-populated\">\n\t\t\t\t\t\t<div class=\"elementor-element elementor-element-4350771 elementor-widget__width-initial elementor-widget elementor-widget-text-editor\" data-id=\"4350771\" data-element_type=\"widget\" data-e-type=\"widget\" data-widget_type=\"text-editor.default\">\n\t\t\t\t<div class=\"elementor-widget-container\">\n\t\t\t\t\t\t\t\t\t<p><br><br><\/p>\n<h2 data-start=\"214\" data-end=\"300\">\ud83d\udce9 Rozwi\u0105zania SMS dla Twojej firmy \u2013 masowe wysy\u0142ki i zaawansowana SMS samoobs\u0142uga<\/h2>\n<p data-start=\"302\" data-end=\"570\">Nasza platforma SMS umo\u017cliwia skuteczn\u0105 i wygodn\u0105 komunikacj\u0119 z klientami w jednym miejscu. Oferujemy <strong data-start=\"404\" data-end=\"437\">SMS Bulk (masowe wysy\u0142ki SMS)<\/strong> oraz <strong data-start=\"443\" data-end=\"475\">zaawansowan\u0105 SMS samoobs\u0142ug\u0119<\/strong>, kt\u00f3ra sprawdzi si\u0119 zar\u00f3wno przy prostych, jak i bardziej rozbudowanych procesach biznesowych.<\/p>\n<h3 data-start=\"572\" data-end=\"629\">\ud83d\udce4 SMS Bulk \u2013 szybkie i niezawodne masowe wysy\u0142ki SMS<\/h3>\n<p data-start=\"631\" data-end=\"720\">Wysy\u0142aj tysi\u0105ce wiadomo\u015bci&nbsp;<a href=\"https:\/\/plus1cx.com\/telerobot-automated-calls-sms-chats\/\" target=\"_blank\">SMS&nbsp;<\/a>w kilka chwil. Masowe wysy\u0142ki SMS doskonale nadaj\u0105 si\u0119 do:<\/p>\n<ul data-start=\"721\" data-end=\"874\">\n<li data-start=\"721\" data-end=\"745\">\n<p data-start=\"723\" data-end=\"745\">informowania klient\u00f3w,<\/p>\n<\/li>\n<li data-start=\"746\" data-end=\"775\">\n<p data-start=\"748\" data-end=\"775\">wysy\u0142ania ofert i promocji,<\/p>\n<\/li>\n<li data-start=\"776\" data-end=\"816\">\n<p data-start=\"778\" data-end=\"816\">przypomnie\u0144 o wizytach i p\u0142atno\u015bciach,<\/p>\n<\/li>\n<li data-start=\"817\" data-end=\"874\">\nprzekazywania wa\u017cnych informacji w czasie rzeczywistym.\n<\/li>\n<\/ul>\n<p>wiadomo\u015bciom z polami zmiennymi ka\u017cda wiadomo\u015b\u0107 mo\u017ce by\u0107 <strong>spersonalizowana<\/strong> (np. imi\u0119 klienta, numer zam\u00f3wienia, data, status).<\/p>\n<p data-start=\"1018\" data-end=\"1129\">Dost\u0119pna jest r\u00f3wnie\u017c funkcja <strong data-start=\"1048\" data-end=\"1072\">wysy\u0142ki zaplanowanej<\/strong>, kt\u00f3ra pozwala wys\u0142a\u0107 SMS dok\u0142adnie w wybranym terminie.<\/p>\n<h3 data-start=\"1131\" data-end=\"1185\">\ud83d\udcf2 SMS samoobs\u0142uga \u2013 automatyczna komunikacja 24\/7<\/h3>\n<p data-start=\"1187\" data-end=\"1326\">SMS samoobs\u0142uga umo\u017cliwia klientom <strong data-start=\"1222\" data-end=\"1268\">samodzielne uzyskanie informacji przez SMS<\/strong>, bez konieczno\u015bci dzwonienia lub kontaktu z konsultantem.<\/p>\n<p data-start=\"1328\" data-end=\"1387\">Klient wysy\u0142a kr\u00f3tk\u0105 wiadomo\u015b\u0107 SMS, a system automatycznie:<\/p>\n<ul data-start=\"1388\" data-end=\"1474\">\n<li data-start=\"1388\" data-end=\"1413\">\n<p data-start=\"1390\" data-end=\"1413\">odpowiada na zapytania,<\/p>\n<\/li>\n<li data-start=\"1414\" data-end=\"1439\">\n<p data-start=\"1416\" data-end=\"1439\">zwraca aktualny status,<\/p>\n<\/li>\n<li data-start=\"1440\" data-end=\"1474\">\n<p data-start=\"1442\" data-end=\"1474\">przekazuje potrzebne informacje.<\/p>\n<\/li>\n<\/ul>\n<p data-start=\"1476\" data-end=\"1565\">To idealne rozwi\u0105zanie do obs\u0142ugi status\u00f3w zam\u00f3wie\u0144, zg\u0142osze\u0144, us\u0142ug czy innych proces\u00f3w.<\/p>\n<h3 data-start=\"1567\" data-end=\"1607\">\ud83d\udcca Raporty dor\u0119cze\u0144 i pe\u0142na kontrola<\/h3>\n<p data-start=\"1609\" data-end=\"1671\">Ka\u017cda wys\u0142ana wiadomo\u015b\u0107 SMS jest monitorowana. System oferuje:<\/p>\n<ul data-start=\"1672\" data-end=\"1748\">\n<li data-start=\"1672\" data-end=\"1695\">\n<p data-start=\"1674\" data-end=\"1695\">raporty dor\u0119cze\u0144 SMS,<\/p>\n<\/li>\n<li data-start=\"1696\" data-end=\"1714\">\n<p data-start=\"1698\" data-end=\"1714\">statusy wysy\u0142ek,<\/p>\n<\/li>\n<li data-start=\"1715\" data-end=\"1748\">\n<p data-start=\"1717\" data-end=\"1748\">histori\u0119 i statystyki kampanii.<\/p>\n<\/li>\n<\/ul>\n<p data-start=\"1750\" data-end=\"1836\">Dzi\u0119ki temu masz pe\u0142n\u0105 kontrol\u0119 nad komunikacj\u0105 i mo\u017cesz \u0142atwo oceni\u0107 jej skuteczno\u015b\u0107.<\/p>\n<h3 data-start=\"1838\" data-end=\"1882\">\u2699\ufe0f Wi\u0119cej mo\u017cliwo\u015bci dla Twojego biznesu<\/h3>\n<ul data-start=\"1884\" data-end=\"2104\">\n<li data-start=\"1884\" data-end=\"1917\">\n<p data-start=\"1886\" data-end=\"1917\">Masowe wysy\u0142ki SMS (SMS Bulk)<\/p>\n<\/li>\n<li data-start=\"1918\" data-end=\"1961\">\n<p data-start=\"1920\" data-end=\"1961\">SMS z polami zmiennymi (personalizacja)<\/p>\n<\/li>\n<li data-start=\"1962\" data-end=\"1997\">\n<p data-start=\"1964\" data-end=\"1997\">Wysy\u0142ki zaplanowane i odroczone<\/p>\n<\/li>\n<li data-start=\"1998\" data-end=\"2031\">\n<p data-start=\"2000\" data-end=\"2031\">SMS samoobs\u0142uga dost\u0119pna 24\/7<\/p>\n<\/li>\n<li data-start=\"2032\" data-end=\"2065\">\n<p data-start=\"2034\" data-end=\"2065\">Raporty dor\u0119cze\u0144 i statystyki<\/p>\n<\/li>\n<li data-start=\"2066\" data-end=\"2104\">\n<p data-start=\"2068\" data-end=\"2104\">\u0141atwa integracja z systemami firmy<\/p>\n<\/li>\n<\/ul>\n<p data-start=\"2106\" data-end=\"2269\">Nasze rozwi\u0105zania SMS pomagaj\u0105 <strong data-start=\"2137\" data-end=\"2178\">automatyzowa\u0107 komunikacj\u0119 z klientami<\/strong>, zmniejszy\u0107 obci\u0105\u017cenie zespo\u0142u i zapewni\u0107 szybkie oraz niezawodne dostarczanie wiadomo\u015bci.<\/p>\n<h3 data-start=\"184\" data-end=\"236\">\ud83d\udd0c SMS API \u2013 integracja z CRM i innymi systemami<\/h3>\n<p data-start=\"238\" data-end=\"411\">Platforma oferuje <strong data-start=\"256\" data-end=\"267\">SMS API<\/strong>, kt\u00f3re umo\u017cliwia pe\u0142n\u0105 integracj\u0119 z systemami firmowymi, takimi jak <strong data-start=\"336\" data-end=\"393\">CRM, ERP, systemy obs\u0142ugi klienta, sklepy internetowe<\/strong> i inne aplikacje.<\/p>\n<p data-start=\"413\" data-end=\"431\">Dzi\u0119ki API mo\u017cesz:<\/p>\n<ul data-start=\"432\" data-end=\"743\">\n<li data-start=\"432\" data-end=\"513\">\n<p data-start=\"434\" data-end=\"513\">automatycznie wysy\u0142a\u0107 SMS bezpo\u015brednio z systemu CRM lub innego oprogramowania,<\/p>\n<\/li>\n<li data-start=\"514\" data-end=\"604\">\n<p data-start=\"516\" data-end=\"604\">uruchamia\u0107 wysy\u0142ki SMS na podstawie zdarze\u0144 (np. nowy klient, zmiana statusu, p\u0142atno\u015b\u0107),<\/p>\n<\/li>\n<li data-start=\"605\" data-end=\"663\">\n<p data-start=\"607\" data-end=\"663\">wysy\u0142a\u0107 zar\u00f3wno pojedyncze, jak i masowe wiadomo\u015bci SMS,<\/p>\n<\/li>\n<li data-start=\"664\" data-end=\"743\">\n<p data-start=\"666\" data-end=\"743\">odbiera\u0107 <strong data-start=\"675\" data-end=\"706\">wiadomo\u015bci przychodz\u0105ce SMS<\/strong> i przetwarza\u0107 je w swoich systemach.<\/p>\n<\/li>\n<\/ul>\n<h3 data-start=\"745\" data-end=\"789\">\ud83d\udce5 Obs\u0142uga wiadomo\u015bci przychodz\u0105cych SMS<\/h3>\n<p data-start=\"791\" data-end=\"880\">System umo\u017cliwia <strong data-start=\"808\" data-end=\"845\">odbi\u00f3r wiadomo\u015bci SMS od klient\u00f3w<\/strong>. Wiadomo\u015bci przychodz\u0105ce mog\u0105 by\u0107:<\/p>\n<ul data-start=\"881\" data-end=\"1054\">\n<li data-start=\"881\" data-end=\"911\">\n<p data-start=\"883\" data-end=\"911\">przekazywane do systemu CRM,<\/p>\n<\/li>\n<li data-start=\"912\" data-end=\"948\">\n<p data-start=\"914\" data-end=\"948\">wykorzystywane w SMS samoobs\u0142udze,<\/p>\n<\/li>\n<li data-start=\"949\" data-end=\"1005\">\n<p data-start=\"951\" data-end=\"1005\">automatycznie przetwarzane przez regu\u0142y i scenariusze,<\/p>\n<\/li>\n<li data-start=\"1006\" data-end=\"1054\">\n<p data-start=\"1008\" data-end=\"1054\">zapisywane w raportach i historii komunikacji.<\/p>\n<\/li>\n<\/ul>\n<h3 data-start=\"1056\" data-end=\"1094\">\u2699\ufe0f Pe\u0142na automatyzacja komunikacji<\/h3>\n<p data-start=\"1096\" data-end=\"1268\">Dzi\u0119ki&nbsp;<a href=\"https:\/\/3cxcloud.lt\/pl\/integracja-api\/\" target=\"_blank\">SMS API&nbsp;<\/a>Twoja komunikacja z klientami staje si\u0119 w pe\u0142ni automatyczna. Wszystkie wiadomo\u015bci \u2013 wychodz\u0105ce i przychodz\u0105ce \u2013 s\u0105 zarz\u0105dzane w jednym systemie, co pozwala:<\/p>\n<ul data-start=\"1269\" data-end=\"1397\">\n<li data-start=\"1269\" data-end=\"1295\">\n<p data-start=\"1271\" data-end=\"1295\">oszcz\u0119dzi\u0107 czas zespo\u0142u,<\/p>\n<\/li>\n<li data-start=\"1296\" data-end=\"1324\">\n<p data-start=\"1298\" data-end=\"1324\">ograniczy\u0107 r\u0119czn\u0105 obs\u0142ug\u0119,<\/p>\n<\/li>\n<li data-start=\"1325\" data-end=\"1354\">\n<p data-start=\"1327\" data-end=\"1354\">zwi\u0119kszy\u0107 szybko\u015b\u0107 reakcji,<\/p>\n<\/li>\n<li data-start=\"1355\" data-end=\"1397\">\n<p data-start=\"1357\" data-end=\"1397\">zapewni\u0107 sp\u00f3jn\u0105 komunikacj\u0119 z klientami.<\/p>\n<\/li>\n<\/ul>\n<p data-start=\"1399\" data-end=\"1536\">SMS API to idealne rozwi\u0105zanie dla firm, kt\u00f3re chc\u0105 <strong data-start=\"1451\" data-end=\"1495\">zintegrowa\u0107 SMS z istniej\u0105cymi systemami<\/strong> i maksymalnie wykorzysta\u0107 automatyzacj\u0119<\/p>\n<p data-start=\"2106\" data-end=\"2269\">\n<\/p>\t\t\t\t\t\t\t\t<\/div>\n\t\t\t\t<\/div>\n\t\t\t\t\t<\/div>\n\t\t<\/div>\n\t\t\t\t\t<\/div>\n\t\t<\/section>\n\t\t\t\t<section class=\"elementor-section elementor-top-section elementor-element elementor-element-a6bce31 elementor-section-boxed elementor-section-height-default elementor-section-height-default\" data-id=\"a6bce31\" data-element_type=\"section\" data-e-type=\"section\">\n\t\t\t\t\t\t<div class=\"elementor-container elementor-column-gap-default\">\n\t\t\t\t\t<div class=\"elementor-column elementor-col-100 elementor-top-column elementor-element elementor-element-0f29a34\" data-id=\"0f29a34\" data-element_type=\"column\" data-e-type=\"column\">\n\t\t\t<div class=\"elementor-widget-wrap elementor-element-populated\">\n\t\t\t\t\t\t<div class=\"elementor-element elementor-element-5760a7e elementor-align-center popmake-8149 elementor-widget elementor-widget-button\" data-id=\"5760a7e\" data-element_type=\"widget\" data-e-type=\"widget\" data-widget_type=\"button.default\">\n\t\t\t\t<div class=\"elementor-widget-container\">\n\t\t\t\t\t\t\t\t\t<div class=\"elementor-button-wrapper\">\n\t\t\t\t\t<a class=\"elementor-button elementor-button-link elementor-size-sm\" href=\"#\">\n\t\t\t\t\t\t<span class=\"elementor-button-content-wrapper\">\n\t\t\t\t\t\t\t\t\t<span class=\"elementor-button-text\">WYPR\u00d3BUJ ZA DARMO<\/span>\n\t\t\t\t\t<\/span>\n\t\t\t\t\t<\/a>\n\t\t\t\t<\/div>\n\t\t\t\t\t\t\t\t<\/div>\n\t\t\t\t<\/div>\n\t\t\t\t\t<\/div>\n\t\t<\/div>\n\t\t\t\t\t<\/div>\n\t\t<\/section>\n\t\t\t\t<\/div>\n\t\t","protected":false},"excerpt":{"rendered":"<p>Integracja API 3CX Cloud \u2013 zaawansowane funkcje dla firm \ud83d\udce9 Rozwi\u0105zania SMS dla Twojej firmy \u2013 masowe wysy\u0142ki i zaawansowana SMS samoobs\u0142uga Nasza platforma SMS umo\u017cliwia skuteczn\u0105 i wygodn\u0105 komunikacj\u0119 z klientami w jednym miejscu. Oferujemy SMS Bulk (masowe wysy\u0142ki SMS) oraz zaawansowan\u0105 SMS samoobs\u0142ug\u0119, kt\u00f3ra sprawdzi si\u0119 zar\u00f3wno przy prostych, jak i bardziej rozbudowanych [&hellip;]<\/p>\n","protected":false},"author":1,"featured_media":0,"parent":0,"menu_order":0,"comment_status":"closed","ping_status":"closed","template":"","meta":{"om_disable_all_campaigns":false,"_monsterinsights_skip_tracking":false,"_monsterinsights_sitenote_active":false,"_monsterinsights_sitenote_note":"","_monsterinsights_sitenote_category":0,"ocean_post_layout":"","ocean_both_sidebars_style":"","ocean_both_sidebars_content_width":0,"ocean_both_sidebars_sidebars_width":0,"ocean_sidebar":"","ocean_second_sidebar":"","ocean_disable_margins":"enable","ocean_add_body_class":"","ocean_shortcode_before_top_bar":"","ocean_shortcode_after_top_bar":"","ocean_shortcode_before_header":"","ocean_shortcode_after_header":"","ocean_has_shortcode":"","ocean_shortcode_after_title":"","ocean_shortcode_before_footer_widgets":"","ocean_shortcode_after_footer_widgets":"","ocean_shortcode_before_footer_bottom":"","ocean_shortcode_after_footer_bottom":"","ocean_display_top_bar":"default","ocean_display_header":"default","ocean_header_style":"","ocean_center_header_left_menu":"","ocean_custom_header_template":"","ocean_custom_logo":0,"ocean_custom_retina_logo":0,"ocean_custom_logo_max_width":0,"ocean_custom_logo_tablet_max_width":0,"ocean_custom_logo_mobile_max_width":0,"ocean_custom_logo_max_height":0,"ocean_custom_logo_tablet_max_height":0,"ocean_custom_logo_mobile_max_height":0,"ocean_header_custom_menu":"","ocean_menu_typo_font_family":"","ocean_menu_typo_font_subset":"","ocean_menu_typo_font_size":0,"ocean_menu_typo_font_size_tablet":0,"ocean_menu_typo_font_size_mobile":0,"ocean_menu_typo_font_size_unit":"px","ocean_menu_typo_font_weight":"","ocean_menu_typo_font_weight_tablet":"","ocean_menu_typo_font_weight_mobile":"","ocean_menu_typo_transform":"","ocean_menu_typo_transform_tablet":"","ocean_menu_typo_transform_mobile":"","ocean_menu_typo_line_height":0,"ocean_menu_typo_line_height_tablet":0,"ocean_menu_typo_line_height_mobile":0,"ocean_menu_typo_line_height_unit":"","ocean_menu_typo_spacing":0,"ocean_menu_typo_spacing_tablet":0,"ocean_menu_typo_spacing_mobile":0,"ocean_menu_typo_spacing_unit":"","ocean_menu_link_color":"","ocean_menu_link_color_hover":"","ocean_menu_link_color_active":"","ocean_menu_link_background":"","ocean_menu_link_hover_background":"","ocean_menu_link_active_background":"","ocean_menu_social_links_bg":"","ocean_menu_social_hover_links_bg":"","ocean_menu_social_links_color":"","ocean_menu_social_hover_links_color":"","ocean_disable_title":"default","ocean_disable_heading":"default","ocean_post_title":"","ocean_post_subheading":"","ocean_post_title_style":"","ocean_post_title_background_color":"","ocean_post_title_background":0,"ocean_post_title_bg_image_position":"","ocean_post_title_bg_image_attachment":"","ocean_post_title_bg_image_repeat":"","ocean_post_title_bg_image_size":"","ocean_post_title_height":0,"ocean_post_title_bg_overlay":0.5,"ocean_post_title_bg_overlay_color":"","ocean_disable_breadcrumbs":"default","ocean_breadcrumbs_color":"","ocean_breadcrumbs_separator_color":"","ocean_breadcrumbs_links_color":"","ocean_breadcrumbs_links_hover_color":"","ocean_display_footer_widgets":"default","ocean_display_footer_bottom":"default","ocean_custom_footer_template":"","footnotes":""},"class_list":["post-8193","page","type-page","status-publish","hentry","entry"],"aioseo_notices":[],"_links":{"self":[{"href":"https:\/\/3cxcloud.lt\/pl\/wp-json\/wp\/v2\/pages\/8193","targetHints":{"allow":["GET"]}}],"collection":[{"href":"https:\/\/3cxcloud.lt\/pl\/wp-json\/wp\/v2\/pages"}],"about":[{"href":"https:\/\/3cxcloud.lt\/pl\/wp-json\/wp\/v2\/types\/page"}],"author":[{"embeddable":true,"href":"https:\/\/3cxcloud.lt\/pl\/wp-json\/wp\/v2\/users\/1"}],"replies":[{"embeddable":true,"href":"https:\/\/3cxcloud.lt\/pl\/wp-json\/wp\/v2\/comments?post=8193"}],"version-history":[{"count":37,"href":"https:\/\/3cxcloud.lt\/pl\/wp-json\/wp\/v2\/pages\/8193\/revisions"}],"predecessor-version":[{"id":8648,"href":"https:\/\/3cxcloud.lt\/pl\/wp-json\/wp\/v2\/pages\/8193\/revisions\/8648"}],"wp:attachment":[{"href":"https:\/\/3cxcloud.lt\/pl\/wp-json\/wp\/v2\/media?parent=8193"}],"curies":[{"name":"wp","href":"https:\/\/api.w.org\/{rel}","templated":true}]}}