{"id":8784,"date":"2025-12-28T23:17:54","date_gmt":"2025-12-28T21:17:54","guid":{"rendered":"https:\/\/3cxcloud.lt\/?page_id=8784"},"modified":"2025-12-30T22:47:36","modified_gmt":"2025-12-30T20:47:36","slug":"next-call","status":"publish","type":"page","link":"https:\/\/3cxcloud.lt\/pl\/next-call\/","title":{"rendered":"NEXT  Call"},"content":{"rendered":"\t\t<div data-elementor-type=\"wp-page\" data-elementor-id=\"8784\" class=\"elementor elementor-8784\">\n\t\t\t\t\t\t<section class=\"elementor-section elementor-top-section elementor-element elementor-element-6803ea3 elementor-section-boxed elementor-section-height-default elementor-section-height-default\" data-id=\"6803ea3\" data-element_type=\"section\" data-e-type=\"section\">\n\t\t\t\t\t\t<div class=\"elementor-container elementor-column-gap-default\">\n\t\t\t\t\t<div class=\"elementor-column elementor-col-100 elementor-top-column elementor-element elementor-element-55bb750\" data-id=\"55bb750\" data-element_type=\"column\" data-e-type=\"column\">\n\t\t\t<div class=\"elementor-widget-wrap elementor-element-populated\">\n\t\t\t\t\t\t<div class=\"elementor-element elementor-element-dbf5ab2 elementor-widget elementor-widget-heading\" data-id=\"dbf5ab2\" data-element_type=\"widget\" data-e-type=\"widget\" data-widget_type=\"heading.default\">\n\t\t\t\t<div class=\"elementor-widget-container\">\n\t\t\t\t\t<h2 class=\"elementor-heading-title elementor-size-default\">Automatyczne \u0142\u0105czenie klienta z agentem \u2013 inteligentna us\u0142uga Call Center<\/h2>\t\t\t\t<\/div>\n\t\t\t\t<\/div>\n\t\t\t\t\t<\/div>\n\t\t<\/div>\n\t\t\t\t\t<\/div>\n\t\t<\/section>\n\t\t\t\t<section class=\"elementor-section elementor-top-section elementor-element elementor-element-3f80dd2 elementor-section-boxed elementor-section-height-default elementor-section-height-default\" data-id=\"3f80dd2\" data-element_type=\"section\" data-e-type=\"section\">\n\t\t\t\t\t\t<div class=\"elementor-container elementor-column-gap-default\">\n\t\t\t\t\t<div class=\"elementor-column elementor-col-100 elementor-top-column elementor-element elementor-element-593bf34\" data-id=\"593bf34\" data-element_type=\"column\" data-e-type=\"column\">\n\t\t\t<div class=\"elementor-widget-wrap elementor-element-populated\">\n\t\t\t\t\t\t<div class=\"elementor-element elementor-element-d955d05 elementor-widget elementor-widget-image\" data-id=\"d955d05\" data-element_type=\"widget\" data-e-type=\"widget\" data-widget_type=\"image.default\">\n\t\t\t\t<div class=\"elementor-widget-container\">\n\t\t\t\t\t\t\t\t\t\t\t\t\t\t\t\t<a href=\"https:\/\/plus1cx.com\/next-call\/\">\n\t\t\t\t\t\t\t<img fetchpriority=\"high\" decoding=\"async\" width=\"768\" height=\"512\" src=\"https:\/\/3cxcloud.lt\/wp-content\/uploads\/2025\/12\/Next_Call_3CX_Cloud_PL-1-768x512.png\" class=\"attachment-medium_large size-medium_large wp-image-8814\" alt=\"Next Call 3CX Cloud PL\" srcset=\"https:\/\/3cxcloud.lt\/wp-content\/uploads\/2025\/12\/Next_Call_3CX_Cloud_PL-1-768x512.png 768w, https:\/\/3cxcloud.lt\/wp-content\/uploads\/2025\/12\/Next_Call_3CX_Cloud_PL-1-300x200.png 300w, https:\/\/3cxcloud.lt\/wp-content\/uploads\/2025\/12\/Next_Call_3CX_Cloud_PL-1-1024x683.png 1024w, https:\/\/3cxcloud.lt\/wp-content\/uploads\/2025\/12\/Next_Call_3CX_Cloud_PL-1.png 1536w\" sizes=\"(max-width: 768px) 100vw, 768px\" \/>\t\t\t\t\t\t\t\t<\/a>\n\t\t\t\t\t\t\t\t\t\t\t\t\t\t\t<\/div>\n\t\t\t\t<\/div>\n\t\t\t\t\t<\/div>\n\t\t<\/div>\n\t\t\t\t\t<\/div>\n\t\t<\/section>\n\t\t\t\t<section class=\"elementor-section elementor-top-section elementor-element elementor-element-54040a4 elementor-section-boxed elementor-section-height-default elementor-section-height-default\" data-id=\"54040a4\" data-element_type=\"section\" data-e-type=\"section\">\n\t\t\t\t\t\t<div class=\"elementor-container elementor-column-gap-default\">\n\t\t\t\t\t<div class=\"elementor-column elementor-col-100 elementor-top-column elementor-element elementor-element-df9cf6a\" data-id=\"df9cf6a\" data-element_type=\"column\" data-e-type=\"column\">\n\t\t\t<div class=\"elementor-widget-wrap elementor-element-populated\">\n\t\t\t\t\t\t<div class=\"elementor-element elementor-element-50b409b elementor-widget elementor-widget-text-editor\" data-id=\"50b409b\" data-element_type=\"widget\" data-e-type=\"widget\" data-widget_type=\"text-editor.default\">\n\t\t\t\t<div class=\"elementor-widget-container\">\n\t\t\t\t\t\t\t\t\t<h2 data-start=\"342\" data-end=\"411\">Rozmawiaj tylko z aktywnymi klientami. Bez tracenia czasu agent\u00f3w.<\/h2>\n<p data-start=\"413\" data-end=\"619\">Nasza us\u0142uga automatycznego inicjowania po\u0142\u0105cze\u0144 zosta\u0142a stworzona z my\u015bl\u0105 o nowoczesnych Call Center, kt\u00f3re chc\u0105 <strong data-start=\"527\" data-end=\"618\">zwi\u0119kszy\u0107 skuteczno\u015b\u0107 kontaktu z klientami i maksymalnie wykorzysta\u0107 czas pracy agent\u00f3w<\/strong>.<\/p>\n<p data-start=\"621\" data-end=\"823\">System <strong data-start=\"628\" data-end=\"676\">automatycznie inicjuje po\u0142\u0105czenie do klienta<\/strong>, a nast\u0119pnie \u2013 po wyra\u017anym potwierdzeniu ch\u0119ci rozmowy przez klienta (np. naci\u015bni\u0119cie <strong data-start=\"763\" data-end=\"768\">1<\/strong> w IVR) \u2013 <strong data-start=\"778\" data-end=\"822\">natychmiast \u0142\u0105czy go z dost\u0119pnym agentem<\/strong>.<\/p>\n<p data-start=\"825\" data-end=\"1005\">Dzi\u0119ki temu agenci nie musz\u0105 samodzielnie wykonywa\u0107 po\u0142\u0105cze\u0144 ani sprawdza\u0107, czy klient odbierze telefon. Rozmawiaj\u0105 wy\u0142\u0105cznie z osobami, kt\u00f3re <strong data-start=\"968\" data-end=\"1004\">aktywnie zgodzi\u0142y si\u0119 na rozmow\u0119<\/strong>.<\/p>\n<hr data-start=\"1007\" data-end=\"1010\">\n<h2 data-start=\"1012\" data-end=\"1033\">Jak dzia\u0142a us\u0142uga?<\/h2>\n<p data-start=\"1035\" data-end=\"1108\">Proces jest w pe\u0142ni zautomatyzowany i przebiega w kilku prostych krokach:<\/p>\n<ol data-start=\"1110\" data-end=\"1395\">\n<li data-start=\"1110\" data-end=\"1166\">\n<p data-start=\"1113\" data-end=\"1166\">System inicjuje po\u0142\u0105czenie do klienta automatycznie<\/p>\n<\/li>\n<li data-start=\"1167\" data-end=\"1227\">\n<p data-start=\"1170\" data-end=\"1227\">Klient s\u0142yszy kr\u00f3tk\u0105 zapowied\u017a IVR z propozycj\u0105 rozmowy<\/p>\n<\/li>\n<li data-start=\"1228\" data-end=\"1286\">\n<p data-start=\"1231\" data-end=\"1286\">Klient potwierdza ch\u0119\u0107 rozmowy (np. wybieraj\u0105c <strong data-start=\"1278\" data-end=\"1283\">1<\/strong>)<\/p>\n<\/li>\n<li data-start=\"1287\" data-end=\"1334\">\n<p data-start=\"1290\" data-end=\"1334\">System natychmiast \u0142\u0105czy klienta z agentem<\/p>\n<\/li>\n<li data-start=\"1335\" data-end=\"1395\">\n<p data-start=\"1338\" data-end=\"1395\">Agent odbiera rozmow\u0119 tylko od zainteresowanego klienta<\/p>\n<\/li>\n<\/ol>\n<p data-start=\"1397\" data-end=\"1493\">Je\u015bli klient nie potwierdzi rozmowy, po\u0142\u0105czenie zostaje zako\u0144czone \u2013 <strong data-start=\"1466\" data-end=\"1492\">bez anga\u017cowania agenta<\/strong>.<\/p>\n<hr data-start=\"1495\" data-end=\"1498\">\n<h2 data-start=\"1500\" data-end=\"1546\">Dlaczego to rozwi\u0105zanie jest tak skuteczne?<\/h2>\n<p data-start=\"1548\" data-end=\"1649\">Tradycyjne kampanie outbound wymagaj\u0105 od agent\u00f3w r\u0119cznego wykonywania po\u0142\u0105cze\u0144, z kt\u00f3rych du\u017ca cz\u0119\u015b\u0107:<\/p>\n<ul data-start=\"1650\" data-end=\"1720\">\n<li data-start=\"1650\" data-end=\"1672\">\n<p data-start=\"1652\" data-end=\"1672\">nie jest odbierana<\/p>\n<\/li>\n<li data-start=\"1673\" data-end=\"1691\">\n<p data-start=\"1675\" data-end=\"1691\">jest odrzucana<\/p>\n<\/li>\n<li data-start=\"1692\" data-end=\"1720\">\n<p data-start=\"1694\" data-end=\"1720\">trafia na poczt\u0119 g\u0142osow\u0105<\/p>\n<\/li>\n<\/ul>\n<p data-start=\"1722\" data-end=\"1814\">Nasza us\u0142uga <strong data-start=\"1735\" data-end=\"1760\">eliminuje ten problem<\/strong> i pozwala skupi\u0107 si\u0119 wy\u0142\u0105cznie na realnych rozmowach.<\/p>\n<h3 data-start=\"1816\" data-end=\"1838\">Kluczowe korzy\u015bci:<\/h3>\n<ul data-start=\"1839\" data-end=\"2021\">\n<li data-start=\"1839\" data-end=\"1874\">\n<p data-start=\"1841\" data-end=\"1874\">oszcz\u0119dno\u015b\u0107 czasu pracy agent\u00f3w<\/p>\n<\/li>\n<li data-start=\"1875\" data-end=\"1923\">\n<p data-start=\"1877\" data-end=\"1923\">wi\u0119ksza liczba rozm\u00f3w zako\u0144czonych kontaktem<\/p>\n<\/li>\n<li data-start=\"1924\" data-end=\"1956\">\n<p data-start=\"1926\" data-end=\"1956\">wy\u017csza skuteczno\u015b\u0107 sprzeda\u017cy<\/p>\n<\/li>\n<li data-start=\"1957\" data-end=\"1990\">\n<p data-start=\"1959\" data-end=\"1990\">lepsze do\u015bwiadczenie klient\u00f3w<\/p>\n<\/li>\n<li data-start=\"1991\" data-end=\"2021\">\n<p data-start=\"1993\" data-end=\"2021\">mniejsze zm\u0119czenie zespo\u0142u<\/p>\n<\/li>\n<\/ul>\n<hr data-start=\"2023\" data-end=\"2026\">\n<h2 data-start=\"2028\" data-end=\"2070\">Kiedy ta us\u0142uga sprawdzi si\u0119 najlepiej?<\/h2>\n<p data-start=\"2072\" data-end=\"2133\">Rozwi\u0105zanie idealnie pasuje do wielu scenariuszy biznesowych.<\/p>\n<h3 data-start=\"2135\" data-end=\"2162\">\ud83d\udd39&nbsp;<a href=\"https:\/\/plus1cx.com\/next-call\/\" target=\"_blank\" style=\"font-size: 14px; background-color: rgb(255, 255, 255);\">Kampanie sprzeda\u017cowe<\/a><\/h3>\n<p data-start=\"2163\" data-end=\"2265\">Agenci rozmawiaj\u0105 tylko z klientami, kt\u00f3rzy potwierdzili ch\u0119\u0107 rozmowy, co znacz\u0105co zwi\u0119ksza konwersj\u0119.<\/p>\n<h3 data-start=\"2267\" data-end=\"2291\">\ud83d\udd39 Kontakt z leadami<\/h3>\n<p data-start=\"2292\" data-end=\"2388\">System dzwoni do lead\u00f3w automatycznie, a agent wchodzi do rozmowy dopiero po akceptacji klienta.<\/p>\n<h3 data-start=\"2390\" data-end=\"2429\">\ud83d\udd39 Follow-up po formularzach online<\/h3>\n<p data-start=\"2430\" data-end=\"2513\">Klient otrzymuje szybki kontakt, a agent nie traci czasu na nieodebrane po\u0142\u0105czenia.<\/p>\n<h3 data-start=\"2515\" data-end=\"2553\">\ud83d\udd39 Umawianie rozm\u00f3w z konsultantem<\/h3>\n<p data-start=\"2554\" data-end=\"2643\">Klient decyduje, czy chce rozmawia\u0107 \u2013 agent pojawia si\u0119 dok\u0142adnie w odpowiednim momencie.<\/p>\n<h3 data-start=\"2645\" data-end=\"2688\">\ud83d\udd39 Kampanie informacyjne i marketingowe<\/h3>\n<p data-start=\"2689\" data-end=\"2737\">Skalowalna komunikacja bez przeci\u0105\u017cania zespo\u0142u.<\/p>\n<hr data-start=\"2739\" data-end=\"2742\">\n<h2 data-start=\"2744\" data-end=\"2775\">Korzy\u015bci biznesowe dla firmy<\/h2>\n<p data-start=\"2777\" data-end=\"2813\">Wdro\u017cenie tej us\u0142ugi pozwala firmom:<\/p>\n<ul data-start=\"2814\" data-end=\"2993\">\n<li data-start=\"2814\" data-end=\"2851\">\n<p data-start=\"2816\" data-end=\"2851\">zwi\u0119kszy\u0107 efektywno\u015b\u0107 Call Center<\/p>\n<\/li>\n<li data-start=\"2852\" data-end=\"2890\">\n<p data-start=\"2854\" data-end=\"2890\">zmniejszy\u0107 koszty obs\u0142ugi po\u0142\u0105cze\u0144<\/p>\n<\/li>\n<li data-start=\"2891\" data-end=\"2920\">\n<p data-start=\"2893\" data-end=\"2920\">poprawi\u0107 wyniki sprzeda\u017cy<\/p>\n<\/li>\n<li data-start=\"2921\" data-end=\"2955\">\n<p data-start=\"2923\" data-end=\"2955\">zwi\u0119kszy\u0107 satysfakcj\u0119 klient\u00f3w<\/p>\n<\/li>\n<li data-start=\"2956\" data-end=\"2993\">\n<p data-start=\"2958\" data-end=\"2993\">lepiej zarz\u0105dza\u0107 zasobami zespo\u0142u<\/p>\n<\/li>\n<\/ul>\n<p data-start=\"2995\" data-end=\"3079\">To rozwi\u0105zanie stworzone dla firm, kt\u00f3re chc\u0105 <strong data-start=\"3041\" data-end=\"3078\">wi\u0119cej rozmawia\u0107, a mniej dzwoni\u0107<\/strong>.<\/p>\n<hr data-start=\"3081\" data-end=\"3084\">\n<h2 data-start=\"3086\" data-end=\"3123\">FAQ \u2013 Najcz\u0119\u015bciej zadawane pytania<\/h2>\n<h3 data-start=\"3125\" data-end=\"3172\">Czy agenci musz\u0105 sami wykonywa\u0107 po\u0142\u0105czenia?<\/h3>\n<p data-start=\"3173\" data-end=\"3289\">Nie. Po\u0142\u0105czenia s\u0105 inicjowane automatycznie przez system. Agent do\u0142\u0105cza do rozmowy dopiero po potwierdzeniu klienta.<\/p>\n<h3 data-start=\"3291\" data-end=\"3346\">Co si\u0119 dzieje, je\u015bli klient nie potwierdzi rozmowy?<\/h3>\n<p data-start=\"3347\" data-end=\"3423\">Po\u0142\u0105czenie zostaje zako\u0144czone bez anga\u017cowania agenta. Agent nie traci czasu.<\/p>\n<h3 data-start=\"3425\" data-end=\"3463\">Czy klient musi naciska\u0107 przycisk?<\/h3>\n<p data-start=\"3464\" data-end=\"3566\">Tak. Klient \u015bwiadomie potwierdza ch\u0119\u0107 rozmowy (np. naciskaj\u0105c <strong data-start=\"3526\" data-end=\"3531\">1<\/strong>), co eliminuje niechciane rozmowy.<\/p>\n<h3 data-start=\"3568\" data-end=\"3611\">Czy rozwi\u0105zanie dzia\u0142a z systemami CRM?<\/h3>\n<p data-start=\"3612\" data-end=\"3697\">Tak. Us\u0142uga mo\u017ce by\u0107 zintegrowana z CRM lub innymi systemami biznesowymi poprzez&nbsp;<a href=\"https:\/\/3cxcloud.lt\/pl\/integracja-api\/\" target=\"_blank\">API<\/a>.<\/p>\n<h3 data-start=\"3699\" data-end=\"3752\">Czy to rozwi\u0105zanie nadaje si\u0119 do du\u017cych kampanii?<\/h3>\n<p data-start=\"3753\" data-end=\"3845\">Tak. System jest skalowalny i idealny zar\u00f3wno dla ma\u0142ych zespo\u0142\u00f3w, jak i du\u017cych Call Center.<\/p>\n<hr data-start=\"3847\" data-end=\"3850\">\n<h2 data-start=\"3852\" data-end=\"3906\">CTA \u2013 Zacznij rozmawia\u0107 tylko z aktywnymi klientami<\/h2>\n<p data-start=\"3908\" data-end=\"4005\">Zautomatyzuj proces kontaktu i pozw\u00f3l agentom skupi\u0107 si\u0119 na rozmowach, kt\u00f3re maj\u0105 realn\u0105 warto\u015b\u0107.<\/p>\n<p><\/p>\n<p data-start=\"4007\" data-end=\"4095\"><strong data-start=\"4007\" data-end=\"4095\">Skontaktuj si\u0119 z nami i sprawd\u017a, jak dzia\u0142a automatyczne \u0142\u0105czenie klienta z agentem.<\/strong><\/p>\t\t\t\t\t\t\t\t<\/div>\n\t\t\t\t<\/div>\n\t\t\t\t\t<\/div>\n\t\t<\/div>\n\t\t\t\t\t<\/div>\n\t\t<\/section>\n\t\t\t\t<section class=\"elementor-section elementor-top-section elementor-element elementor-element-6f3dfa5 elementor-section-boxed elementor-section-height-default elementor-section-height-default\" data-id=\"6f3dfa5\" data-element_type=\"section\" data-e-type=\"section\">\n\t\t\t\t\t\t<div class=\"elementor-container elementor-column-gap-default\">\n\t\t\t\t\t<div class=\"elementor-column elementor-col-100 elementor-top-column elementor-element elementor-element-be9bbfc\" data-id=\"be9bbfc\" data-element_type=\"column\" data-e-type=\"column\">\n\t\t\t<div class=\"elementor-widget-wrap elementor-element-populated\">\n\t\t\t\t\t\t<div class=\"elementor-element elementor-element-eb42607 elementor-align-center popmake-8149 elementor-widget elementor-widget-button\" data-id=\"eb42607\" data-element_type=\"widget\" data-e-type=\"widget\" data-widget_type=\"button.default\">\n\t\t\t\t<div class=\"elementor-widget-container\">\n\t\t\t\t\t\t\t\t\t<div class=\"elementor-button-wrapper\">\n\t\t\t\t\t<a class=\"elementor-button elementor-button-link elementor-size-sm\" href=\"#\">\n\t\t\t\t\t\t<span class=\"elementor-button-content-wrapper\">\n\t\t\t\t\t\t\t\t\t<span class=\"elementor-button-text\">WYPR\u00d3BUJ ZA DARMO<\/span>\n\t\t\t\t\t<\/span>\n\t\t\t\t\t<\/a>\n\t\t\t\t<\/div>\n\t\t\t\t\t\t\t\t<\/div>\n\t\t\t\t<\/div>\n\t\t\t\t\t<\/div>\n\t\t<\/div>\n\t\t\t\t\t<\/div>\n\t\t<\/section>\n\t\t\t\t<\/div>\n\t\t","protected":false},"excerpt":{"rendered":"<p>Automatyczne \u0142\u0105czenie klienta z agentem \u2013 inteligentna us\u0142uga Call Center Rozmawiaj tylko z aktywnymi klientami. Bez tracenia czasu agent\u00f3w. Nasza us\u0142uga automatycznego inicjowania po\u0142\u0105cze\u0144 zosta\u0142a stworzona z my\u015bl\u0105 o nowoczesnych Call Center, kt\u00f3re chc\u0105 zwi\u0119kszy\u0107 skuteczno\u015b\u0107 kontaktu z klientami i maksymalnie wykorzysta\u0107 czas pracy agent\u00f3w. System automatycznie inicjuje po\u0142\u0105czenie do klienta, a nast\u0119pnie \u2013 po [&hellip;]<\/p>\n","protected":false},"author":1,"featured_media":0,"parent":0,"menu_order":0,"comment_status":"closed","ping_status":"closed","template":"","meta":{"om_disable_all_campaigns":false,"_monsterinsights_skip_tracking":false,"_monsterinsights_sitenote_active":false,"_monsterinsights_sitenote_note":"","_monsterinsights_sitenote_category":0,"ocean_post_layout":"","ocean_both_sidebars_style":"","ocean_both_sidebars_content_width":0,"ocean_both_sidebars_sidebars_width":0,"ocean_sidebar":"","ocean_second_sidebar":"","ocean_disable_margins":"enable","ocean_add_body_class":"","ocean_shortcode_before_top_bar":"","ocean_shortcode_after_top_bar":"","ocean_shortcode_before_header":"","ocean_shortcode_after_header":"","ocean_has_shortcode":"","ocean_shortcode_after_title":"","ocean_shortcode_before_footer_widgets":"","ocean_shortcode_after_footer_widgets":"","ocean_shortcode_before_footer_bottom":"","ocean_shortcode_after_footer_bottom":"","ocean_display_top_bar":"default","ocean_display_header":"default","ocean_header_style":"","ocean_center_header_left_menu":"","ocean_custom_header_template":"","ocean_custom_logo":0,"ocean_custom_retina_logo":0,"ocean_custom_logo_max_width":0,"ocean_custom_logo_tablet_max_width":0,"ocean_custom_logo_mobile_max_width":0,"ocean_custom_logo_max_height":0,"ocean_custom_logo_tablet_max_height":0,"ocean_custom_logo_mobile_max_height":0,"ocean_header_custom_menu":"","ocean_menu_typo_font_family":"","ocean_menu_typo_font_subset":"","ocean_menu_typo_font_size":0,"ocean_menu_typo_font_size_tablet":0,"ocean_menu_typo_font_size_mobile":0,"ocean_menu_typo_font_size_unit":"px","ocean_menu_typo_font_weight":"","ocean_menu_typo_font_weight_tablet":"","ocean_menu_typo_font_weight_mobile":"","ocean_menu_typo_transform":"","ocean_menu_typo_transform_tablet":"","ocean_menu_typo_transform_mobile":"","ocean_menu_typo_line_height":0,"ocean_menu_typo_line_height_tablet":0,"ocean_menu_typo_line_height_mobile":0,"ocean_menu_typo_line_height_unit":"","ocean_menu_typo_spacing":0,"ocean_menu_typo_spacing_tablet":0,"ocean_menu_typo_spacing_mobile":0,"ocean_menu_typo_spacing_unit":"","ocean_menu_link_color":"","ocean_menu_link_color_hover":"","ocean_menu_link_color_active":"","ocean_menu_link_background":"","ocean_menu_link_hover_background":"","ocean_menu_link_active_background":"","ocean_menu_social_links_bg":"","ocean_menu_social_hover_links_bg":"","ocean_menu_social_links_color":"","ocean_menu_social_hover_links_color":"","ocean_disable_title":"default","ocean_disable_heading":"default","ocean_post_title":"","ocean_post_subheading":"","ocean_post_title_style":"","ocean_post_title_background_color":"","ocean_post_title_background":0,"ocean_post_title_bg_image_position":"","ocean_post_title_bg_image_attachment":"","ocean_post_title_bg_image_repeat":"","ocean_post_title_bg_image_size":"","ocean_post_title_height":0,"ocean_post_title_bg_overlay":0.5,"ocean_post_title_bg_overlay_color":"","ocean_disable_breadcrumbs":"default","ocean_breadcrumbs_color":"","ocean_breadcrumbs_separator_color":"","ocean_breadcrumbs_links_color":"","ocean_breadcrumbs_links_hover_color":"","ocean_display_footer_widgets":"default","ocean_display_footer_bottom":"default","ocean_custom_footer_template":"","footnotes":""},"class_list":["post-8784","page","type-page","status-publish","hentry","entry"],"aioseo_notices":[],"_links":{"self":[{"href":"https:\/\/3cxcloud.lt\/pl\/wp-json\/wp\/v2\/pages\/8784","targetHints":{"allow":["GET"]}}],"collection":[{"href":"https:\/\/3cxcloud.lt\/pl\/wp-json\/wp\/v2\/pages"}],"about":[{"href":"https:\/\/3cxcloud.lt\/pl\/wp-json\/wp\/v2\/types\/page"}],"author":[{"embeddable":true,"href":"https:\/\/3cxcloud.lt\/pl\/wp-json\/wp\/v2\/users\/1"}],"replies":[{"embeddable":true,"href":"https:\/\/3cxcloud.lt\/pl\/wp-json\/wp\/v2\/comments?post=8784"}],"version-history":[{"count":21,"href":"https:\/\/3cxcloud.lt\/pl\/wp-json\/wp\/v2\/pages\/8784\/revisions"}],"predecessor-version":[{"id":8819,"href":"https:\/\/3cxcloud.lt\/pl\/wp-json\/wp\/v2\/pages\/8784\/revisions\/8819"}],"wp:attachment":[{"href":"https:\/\/3cxcloud.lt\/pl\/wp-json\/wp\/v2\/media?parent=8784"}],"curies":[{"name":"wp","href":"https:\/\/api.w.org\/{rel}","templated":true}]}}