{"id":8820,"date":"2025-12-30T23:47:59","date_gmt":"2025-12-30T21:47:59","guid":{"rendered":"https:\/\/3cxcloud.lt\/?page_id=8820"},"modified":"2025-12-31T00:20:51","modified_gmt":"2025-12-30T22:20:51","slug":"autocallback-automatyczne-oddzwanianie-po-nieodebranym-polaczeniu-w-kolejce","status":"publish","type":"page","link":"https:\/\/3cxcloud.lt\/pl\/autocallback-automatyczne-oddzwanianie-po-nieodebranym-polaczeniu-w-kolejce\/","title":{"rendered":"AutoCallback \u2013 Automatyczne oddzwanianie po nieodebranym po\u0142\u0105czeniu w kolejce"},"content":{"rendered":"\t\t<div data-elementor-type=\"wp-page\" data-elementor-id=\"8820\" class=\"elementor elementor-8820\">\n\t\t\t\t\t\t<section class=\"elementor-section elementor-top-section elementor-element elementor-element-a6bad2d elementor-section-boxed elementor-section-height-default elementor-section-height-default\" data-id=\"a6bad2d\" data-element_type=\"section\" data-e-type=\"section\">\n\t\t\t\t\t\t<div class=\"elementor-container elementor-column-gap-default\">\n\t\t\t\t\t<div class=\"elementor-column elementor-col-100 elementor-top-column elementor-element elementor-element-5b6f055\" data-id=\"5b6f055\" data-element_type=\"column\" data-e-type=\"column\">\n\t\t\t<div class=\"elementor-widget-wrap elementor-element-populated\">\n\t\t\t\t\t\t<div class=\"elementor-element elementor-element-0046931 elementor-widget elementor-widget-heading\" data-id=\"0046931\" data-element_type=\"widget\" data-e-type=\"widget\" data-widget_type=\"heading.default\">\n\t\t\t\t<div class=\"elementor-widget-container\">\n\t\t\t\t\t<h2 class=\"elementor-heading-title elementor-size-default\"><h2 data-start=\"167\" data-end=\"247\" style=\"font-style: normal\">AutoCallback \u2013 Automatyczne oddzwanianie po nieodebranym po\u0142\u0105czeniu w kolejce<\/h2><\/h2>\t\t\t\t<\/div>\n\t\t\t\t<\/div>\n\t\t\t\t\t<\/div>\n\t\t<\/div>\n\t\t\t\t\t<\/div>\n\t\t<\/section>\n\t\t\t\t<section class=\"elementor-section elementor-top-section elementor-element elementor-element-530df7d elementor-section-boxed elementor-section-height-default elementor-section-height-default\" data-id=\"530df7d\" data-element_type=\"section\" data-e-type=\"section\">\n\t\t\t\t\t\t<div class=\"elementor-container elementor-column-gap-default\">\n\t\t\t\t\t<div class=\"elementor-column elementor-col-100 elementor-top-column elementor-element elementor-element-986fc80\" data-id=\"986fc80\" data-element_type=\"column\" data-e-type=\"column\">\n\t\t\t<div class=\"elementor-widget-wrap elementor-element-populated\">\n\t\t\t\t\t\t<div class=\"elementor-element elementor-element-d363655 elementor-widget elementor-widget-image\" data-id=\"d363655\" data-element_type=\"widget\" data-e-type=\"widget\" data-widget_type=\"image.default\">\n\t\t\t\t<div class=\"elementor-widget-container\">\n\t\t\t\t\t\t\t\t\t\t\t\t\t\t\t<img fetchpriority=\"high\" decoding=\"async\" width=\"768\" height=\"512\" src=\"https:\/\/3cxcloud.lt\/wp-content\/uploads\/2025\/12\/autocallback-3cxcloud-pl-768x512.jpg\" class=\"attachment-medium_large size-medium_large wp-image-8827\" alt=\"Auto call back 3cxcloud pl\" srcset=\"https:\/\/3cxcloud.lt\/wp-content\/uploads\/2025\/12\/autocallback-3cxcloud-pl-768x512.jpg 768w, https:\/\/3cxcloud.lt\/wp-content\/uploads\/2025\/12\/autocallback-3cxcloud-pl-300x200.jpg 300w, https:\/\/3cxcloud.lt\/wp-content\/uploads\/2025\/12\/autocallback-3cxcloud-pl-1024x683.jpg 1024w, https:\/\/3cxcloud.lt\/wp-content\/uploads\/2025\/12\/autocallback-3cxcloud-pl-1536x1024.jpg 1536w, https:\/\/3cxcloud.lt\/wp-content\/uploads\/2025\/12\/autocallback-3cxcloud-pl.jpg 2048w\" sizes=\"(max-width: 768px) 100vw, 768px\" \/>\t\t\t\t\t\t\t\t\t\t\t\t\t\t\t<\/div>\n\t\t\t\t<\/div>\n\t\t\t\t\t<\/div>\n\t\t<\/div>\n\t\t\t\t\t<\/div>\n\t\t<\/section>\n\t\t\t\t<section class=\"elementor-section elementor-top-section elementor-element elementor-element-3fd4574 elementor-section-boxed elementor-section-height-default elementor-section-height-default\" data-id=\"3fd4574\" data-element_type=\"section\" data-e-type=\"section\">\n\t\t\t\t\t\t<div class=\"elementor-container elementor-column-gap-default\">\n\t\t\t\t\t<div class=\"elementor-column elementor-col-100 elementor-top-column elementor-element elementor-element-00549b6\" data-id=\"00549b6\" data-element_type=\"column\" data-e-type=\"column\">\n\t\t\t<div class=\"elementor-widget-wrap elementor-element-populated\">\n\t\t\t\t\t\t<div class=\"elementor-element elementor-element-c2eecad elementor-widget elementor-widget-text-editor\" data-id=\"c2eecad\" data-element_type=\"widget\" data-e-type=\"widget\" data-widget_type=\"text-editor.default\">\n\t\t\t\t<div class=\"elementor-widget-container\">\n\t\t\t\t\t\t\t\t\t<h2 data-start=\"167\" data-end=\"247\"><br><\/h2>\n<p data-start=\"249\" data-end=\"381\"><strong data-start=\"249\" data-end=\"265\">AutoCallback<\/strong> to inteligentna funkcja call center, kt\u00f3ra eliminuje utracone po\u0142\u0105czenia spowodowane d\u0142ugim oczekiwaniem w kolejce.<\/p>\n<p data-start=\"383\" data-end=\"690\">Je\u017celi po\u0142\u0105czenie klienta zostanie przerwane lub nieodebrane podczas oczekiwania w kolejce, system automatycznie inicjuje oddzwonienie natychmiast po zako\u0144czeniu po\u0142\u0105czenia. Klient zostaje po\u0142\u0105czony z pierwszym dost\u0119pnym agentem, kt\u00f3ry jest wolny i gotowy do rozmowy \u2013 bez konieczno\u015bci ponownego dzwonienia.<\/p>\n<h3 data-start=\"692\" data-end=\"713\">Kluczowe korzy\u015bci<\/h3>\n<ul data-start=\"715\" data-end=\"1004\">\n<li data-start=\"715\" data-end=\"777\">\n<p data-start=\"717\" data-end=\"777\"><strong data-start=\"717\" data-end=\"775\">Natychmiastowe oddzwanianie po nieodebranym po\u0142\u0105czeniu<\/strong><\/p>\n<\/li>\n<li data-start=\"778\" data-end=\"828\">\n<p data-start=\"780\" data-end=\"828\"><strong data-start=\"780\" data-end=\"826\">Eliminacja ponownego oczekiwania w kolejce<\/strong><\/p>\n<\/li>\n<li data-start=\"829\" data-end=\"881\">\n<p data-start=\"831\" data-end=\"881\"><strong data-start=\"831\" data-end=\"879\">Inteligentne sprawdzanie dost\u0119pno\u015bci agent\u00f3w<\/strong><\/p>\n<\/li>\n<li data-start=\"882\" data-end=\"917\">\n<p data-start=\"884\" data-end=\"917\"><strong data-start=\"884\" data-end=\"915\">Wy\u017csza satysfakcja klient\u00f3w<\/strong><\/p>\n<\/li>\n<li data-start=\"918\" data-end=\"961\">\n<p data-start=\"920\" data-end=\"961\"><strong data-start=\"920\" data-end=\"959\">Wi\u0119ksza liczba skutecznych po\u0142\u0105cze\u0144<\/strong><\/p>\n<\/li>\n<li data-start=\"962\" data-end=\"1004\">\n<p data-start=\"964\" data-end=\"1004\"><strong data-start=\"964\" data-end=\"1002\">Lepsze wykorzystanie czasu agent\u00f3w<\/strong><\/p>\n<\/li>\n<\/ul>\n<h3 data-start=\"1006\" data-end=\"1023\">Jak to dzia\u0142a<\/h3>\n<ol data-start=\"1025\" data-end=\"1298\">\n<li data-start=\"1025\" data-end=\"1078\">\n<p data-start=\"1028\" data-end=\"1078\">Klient dzwoni do call center i trafia do kolejki<\/p>\n<\/li>\n<li data-start=\"1079\" data-end=\"1128\">\n<p data-start=\"1082\" data-end=\"1128\">Po\u0142\u0105czenie zostaje przerwane lub nieodebrane<\/p>\n<\/li>\n<li data-start=\"1129\" data-end=\"1193\">\n<p data-start=\"1132\" data-end=\"1193\">System <strong data-start=\"1139\" data-end=\"1155\">AutoCallback<\/strong> automatycznie inicjuje oddzwanianie<\/p>\n<\/li>\n<li data-start=\"1194\" data-end=\"1232\">\n<p data-start=\"1197\" data-end=\"1232\">System czeka na dost\u0119pnego agenta<\/p>\n<\/li>\n<li data-start=\"1233\" data-end=\"1298\">\n<p data-start=\"1236\" data-end=\"1298\">Klient zostaje po\u0142\u0105czony z wolnym agentem gotowym do rozmowy<\/p>\n<\/li>\n<\/ol>\n<h3 data-start=\"1300\" data-end=\"1316\">Zastosowanie<\/h3>\n<ul data-start=\"1318\" data-end=\"1544\">\n<li data-start=\"1318\" data-end=\"1371\">\n<p data-start=\"1320\" data-end=\"1371\">Centra obs\u0142ugi klienta o du\u017cym wolumenie po\u0142\u0105cze\u0144<\/p>\n<\/li>\n<li data-start=\"1372\" data-end=\"1397\">\n<p data-start=\"1374\" data-end=\"1397\">Infolinie sprzeda\u017cowe<\/p>\n<\/li>\n<li data-start=\"1398\" data-end=\"1432\">\n<p data-start=\"1400\" data-end=\"1432\">Helpdesk i wsparcie techniczne<\/p>\n<\/li>\n<li data-start=\"1433\" data-end=\"1465\">\n<p data-start=\"1435\" data-end=\"1465\">Rezerwacje i umawianie wizyt<\/p>\n<\/li>\n<li data-start=\"1466\" data-end=\"1544\">\n<p data-start=\"1468\" data-end=\"1544\">Ka\u017cde \u015brodowisko, w kt\u00f3rym nieodebrane po\u0142\u0105czenia oznaczaj\u0105 utrat\u0119 klienta<\/p>\n<\/li>\n<\/ul>\n<p data-start=\"1546\" data-end=\"1655\"><strong data-start=\"1546\" data-end=\"1562\">AutoCallback<\/strong> zamienia ka\u017cde nieodebrane po\u0142\u0105czenie w now\u0105 szans\u0119 kontaktu \u2013 automatycznie i bez op\u00f3\u017anie\u0144.<\/p>\t\t\t\t\t\t\t\t<\/div>\n\t\t\t\t<\/div>\n\t\t\t\t\t<\/div>\n\t\t<\/div>\n\t\t\t\t\t<\/div>\n\t\t<\/section>\n\t\t\t\t<section class=\"elementor-section elementor-top-section elementor-element elementor-element-2bff2af elementor-section-boxed elementor-section-height-default elementor-section-height-default\" data-id=\"2bff2af\" data-element_type=\"section\" data-e-type=\"section\">\n\t\t\t\t\t\t<div class=\"elementor-container elementor-column-gap-default\">\n\t\t\t\t\t<div class=\"elementor-column elementor-col-100 elementor-top-column elementor-element elementor-element-410d4fc\" data-id=\"410d4fc\" data-element_type=\"column\" data-e-type=\"column\">\n\t\t\t<div class=\"elementor-widget-wrap elementor-element-populated\">\n\t\t\t\t\t\t<div class=\"elementor-element elementor-element-d364277 elementor-align-center popmake-8149 elementor-widget elementor-widget-button\" data-id=\"d364277\" data-element_type=\"widget\" data-e-type=\"widget\" data-widget_type=\"button.default\">\n\t\t\t\t<div class=\"elementor-widget-container\">\n\t\t\t\t\t\t\t\t\t<div class=\"elementor-button-wrapper\">\n\t\t\t\t\t<a class=\"elementor-button elementor-button-link elementor-size-sm\" href=\"#\">\n\t\t\t\t\t\t<span class=\"elementor-button-content-wrapper\">\n\t\t\t\t\t\t\t\t\t<span class=\"elementor-button-text\">WYPR\u00d3BUJ ZA DARMO<\/span>\n\t\t\t\t\t<\/span>\n\t\t\t\t\t<\/a>\n\t\t\t\t<\/div>\n\t\t\t\t\t\t\t\t<\/div>\n\t\t\t\t<\/div>\n\t\t\t\t\t<\/div>\n\t\t<\/div>\n\t\t\t\t\t<\/div>\n\t\t<\/section>\n\t\t\t\t<\/div>\n\t\t","protected":false},"excerpt":{"rendered":"<p>AutoCallback \u2013 Automatyczne oddzwanianie po nieodebranym po\u0142\u0105czeniu w kolejce AutoCallback to inteligentna funkcja call center, kt\u00f3ra eliminuje utracone po\u0142\u0105czenia spowodowane d\u0142ugim oczekiwaniem w kolejce. Je\u017celi po\u0142\u0105czenie klienta zostanie przerwane lub nieodebrane podczas oczekiwania w kolejce, system automatycznie inicjuje oddzwonienie natychmiast po zako\u0144czeniu po\u0142\u0105czenia. Klient zostaje po\u0142\u0105czony z pierwszym dost\u0119pnym agentem, kt\u00f3ry jest wolny i gotowy [&hellip;]<\/p>\n","protected":false},"author":1,"featured_media":0,"parent":0,"menu_order":0,"comment_status":"closed","ping_status":"closed","template":"","meta":{"om_disable_all_campaigns":false,"_monsterinsights_skip_tracking":false,"_monsterinsights_sitenote_active":false,"_monsterinsights_sitenote_note":"","_monsterinsights_sitenote_category":0,"ocean_post_layout":"","ocean_both_sidebars_style":"","ocean_both_sidebars_content_width":0,"ocean_both_sidebars_sidebars_width":0,"ocean_sidebar":"","ocean_second_sidebar":"","ocean_disable_margins":"enable","ocean_add_body_class":"","ocean_shortcode_before_top_bar":"","ocean_shortcode_after_top_bar":"","ocean_shortcode_before_header":"","ocean_shortcode_after_header":"","ocean_has_shortcode":"","ocean_shortcode_after_title":"","ocean_shortcode_before_footer_widgets":"","ocean_shortcode_after_footer_widgets":"","ocean_shortcode_before_footer_bottom":"","ocean_shortcode_after_footer_bottom":"","ocean_display_top_bar":"default","ocean_display_header":"default","ocean_header_style":"","ocean_center_header_left_menu":"","ocean_custom_header_template":"","ocean_custom_logo":0,"ocean_custom_retina_logo":0,"ocean_custom_logo_max_width":0,"ocean_custom_logo_tablet_max_width":0,"ocean_custom_logo_mobile_max_width":0,"ocean_custom_logo_max_height":0,"ocean_custom_logo_tablet_max_height":0,"ocean_custom_logo_mobile_max_height":0,"ocean_header_custom_menu":"","ocean_menu_typo_font_family":"","ocean_menu_typo_font_subset":"","ocean_menu_typo_font_size":0,"ocean_menu_typo_font_size_tablet":0,"ocean_menu_typo_font_size_mobile":0,"ocean_menu_typo_font_size_unit":"px","ocean_menu_typo_font_weight":"","ocean_menu_typo_font_weight_tablet":"","ocean_menu_typo_font_weight_mobile":"","ocean_menu_typo_transform":"","ocean_menu_typo_transform_tablet":"","ocean_menu_typo_transform_mobile":"","ocean_menu_typo_line_height":0,"ocean_menu_typo_line_height_tablet":0,"ocean_menu_typo_line_height_mobile":0,"ocean_menu_typo_line_height_unit":"","ocean_menu_typo_spacing":0,"ocean_menu_typo_spacing_tablet":0,"ocean_menu_typo_spacing_mobile":0,"ocean_menu_typo_spacing_unit":"","ocean_menu_link_color":"","ocean_menu_link_color_hover":"","ocean_menu_link_color_active":"","ocean_menu_link_background":"","ocean_menu_link_hover_background":"","ocean_menu_link_active_background":"","ocean_menu_social_links_bg":"","ocean_menu_social_hover_links_bg":"","ocean_menu_social_links_color":"","ocean_menu_social_hover_links_color":"","ocean_disable_title":"default","ocean_disable_heading":"default","ocean_post_title":"","ocean_post_subheading":"","ocean_post_title_style":"","ocean_post_title_background_color":"","ocean_post_title_background":0,"ocean_post_title_bg_image_position":"","ocean_post_title_bg_image_attachment":"","ocean_post_title_bg_image_repeat":"","ocean_post_title_bg_image_size":"","ocean_post_title_height":0,"ocean_post_title_bg_overlay":0.5,"ocean_post_title_bg_overlay_color":"","ocean_disable_breadcrumbs":"default","ocean_breadcrumbs_color":"","ocean_breadcrumbs_separator_color":"","ocean_breadcrumbs_links_color":"","ocean_breadcrumbs_links_hover_color":"","ocean_display_footer_widgets":"default","ocean_display_footer_bottom":"default","ocean_custom_footer_template":"","footnotes":""},"class_list":["post-8820","page","type-page","status-publish","hentry","entry"],"aioseo_notices":[],"_links":{"self":[{"href":"https:\/\/3cxcloud.lt\/pl\/wp-json\/wp\/v2\/pages\/8820","targetHints":{"allow":["GET"]}}],"collection":[{"href":"https:\/\/3cxcloud.lt\/pl\/wp-json\/wp\/v2\/pages"}],"about":[{"href":"https:\/\/3cxcloud.lt\/pl\/wp-json\/wp\/v2\/types\/page"}],"author":[{"embeddable":true,"href":"https:\/\/3cxcloud.lt\/pl\/wp-json\/wp\/v2\/users\/1"}],"replies":[{"embeddable":true,"href":"https:\/\/3cxcloud.lt\/pl\/wp-json\/wp\/v2\/comments?post=8820"}],"version-history":[{"count":13,"href":"https:\/\/3cxcloud.lt\/pl\/wp-json\/wp\/v2\/pages\/8820\/revisions"}],"predecessor-version":[{"id":8841,"href":"https:\/\/3cxcloud.lt\/pl\/wp-json\/wp\/v2\/pages\/8820\/revisions\/8841"}],"wp:attachment":[{"href":"https:\/\/3cxcloud.lt\/pl\/wp-json\/wp\/v2\/media?parent=8820"}],"curies":[{"name":"wp","href":"https:\/\/api.w.org\/{rel}","templated":true}]}}