{"id":8843,"date":"2025-12-31T00:43:10","date_gmt":"2025-12-30T22:43:10","guid":{"rendered":"https:\/\/3cxcloud.lt\/?page_id=8843"},"modified":"2025-12-31T00:52:43","modified_gmt":"2025-12-30T22:52:43","slug":"%f0%9f%a4%96-telerobot","status":"publish","type":"page","link":"https:\/\/3cxcloud.lt\/pl\/%f0%9f%a4%96-telerobot\/","title":{"rendered":"\ud83e\udd16 TeleRobot"},"content":{"rendered":"\t\t<div data-elementor-type=\"wp-page\" data-elementor-id=\"8843\" class=\"elementor elementor-8843\">\n\t\t\t\t\t\t<section class=\"elementor-section elementor-top-section elementor-element elementor-element-26c2df5 elementor-section-boxed elementor-section-height-default elementor-section-height-default\" data-id=\"26c2df5\" data-element_type=\"section\" data-e-type=\"section\">\n\t\t\t\t\t\t<div class=\"elementor-container elementor-column-gap-default\">\n\t\t\t\t\t<div class=\"elementor-column elementor-col-100 elementor-top-column elementor-element elementor-element-31082e8\" data-id=\"31082e8\" data-element_type=\"column\" data-e-type=\"column\">\n\t\t\t<div class=\"elementor-widget-wrap elementor-element-populated\">\n\t\t\t\t\t\t<div class=\"elementor-element elementor-element-713604b elementor-widget elementor-widget-heading\" data-id=\"713604b\" data-element_type=\"widget\" data-e-type=\"widget\" data-widget_type=\"heading.default\">\n\t\t\t\t<div class=\"elementor-widget-container\">\n\t\t\t\t\t<h2 class=\"elementor-heading-title elementor-size-default\"><h2 data-start=\"116\" data-end=\"178\">\ud83e\udd16 <strong data-start=\"122\" data-end=\"178\">TeleRobot \u2013 automatyczny system wykonywania po\u0142\u0105cze\u0144<\/strong><\/h2>\n<p data-start=\"180\" data-end=\"428\"><\/p><\/h2>\t\t\t\t<\/div>\n\t\t\t\t<\/div>\n\t\t\t\t\t<\/div>\n\t\t<\/div>\n\t\t\t\t\t<\/div>\n\t\t<\/section>\n\t\t\t\t<section class=\"elementor-section elementor-top-section elementor-element elementor-element-a26962c elementor-section-boxed elementor-section-height-default elementor-section-height-default\" data-id=\"a26962c\" data-element_type=\"section\" data-e-type=\"section\">\n\t\t\t\t\t\t<div class=\"elementor-container elementor-column-gap-default\">\n\t\t\t\t\t<div class=\"elementor-column elementor-col-100 elementor-top-column elementor-element elementor-element-ec8ebc8\" data-id=\"ec8ebc8\" data-element_type=\"column\" data-e-type=\"column\">\n\t\t\t<div class=\"elementor-widget-wrap elementor-element-populated\">\n\t\t\t\t\t\t<div class=\"elementor-element elementor-element-d97313b elementor-widget elementor-widget-image\" data-id=\"d97313b\" data-element_type=\"widget\" data-e-type=\"widget\" data-widget_type=\"image.default\">\n\t\t\t\t<div class=\"elementor-widget-container\">\n\t\t\t\t\t\t\t\t\t\t\t\t\t\t\t<img fetchpriority=\"high\" decoding=\"async\" width=\"768\" height=\"512\" src=\"https:\/\/3cxcloud.lt\/wp-content\/uploads\/2025\/12\/autocallback-3cxcloud-pl-1-768x512.jpg\" class=\"attachment-medium_large size-medium_large wp-image-8849\" alt=\"autocallback 3cxcloud pl\" srcset=\"https:\/\/3cxcloud.lt\/wp-content\/uploads\/2025\/12\/autocallback-3cxcloud-pl-1-768x512.jpg 768w, https:\/\/3cxcloud.lt\/wp-content\/uploads\/2025\/12\/autocallback-3cxcloud-pl-1-300x200.jpg 300w, https:\/\/3cxcloud.lt\/wp-content\/uploads\/2025\/12\/autocallback-3cxcloud-pl-1-1024x683.jpg 1024w, https:\/\/3cxcloud.lt\/wp-content\/uploads\/2025\/12\/autocallback-3cxcloud-pl-1-1536x1024.jpg 1536w, https:\/\/3cxcloud.lt\/wp-content\/uploads\/2025\/12\/autocallback-3cxcloud-pl-1.jpg 2048w\" sizes=\"(max-width: 768px) 100vw, 768px\" \/>\t\t\t\t\t\t\t\t\t\t\t\t\t\t\t<\/div>\n\t\t\t\t<\/div>\n\t\t\t\t\t<\/div>\n\t\t<\/div>\n\t\t\t\t\t<\/div>\n\t\t<\/section>\n\t\t\t\t<section class=\"elementor-section elementor-top-section elementor-element elementor-element-d66cd43 elementor-section-boxed elementor-section-height-default elementor-section-height-default\" data-id=\"d66cd43\" data-element_type=\"section\" data-e-type=\"section\">\n\t\t\t\t\t\t<div class=\"elementor-container elementor-column-gap-default\">\n\t\t\t\t\t<div class=\"elementor-column elementor-col-100 elementor-top-column elementor-element elementor-element-9ddce6a\" data-id=\"9ddce6a\" data-element_type=\"column\" data-e-type=\"column\">\n\t\t\t<div class=\"elementor-widget-wrap elementor-element-populated\">\n\t\t\t\t\t\t<div class=\"elementor-element elementor-element-69c0762 elementor-widget elementor-widget-text-editor\" data-id=\"69c0762\" data-element_type=\"widget\" data-e-type=\"widget\" data-widget_type=\"text-editor.default\">\n\t\t\t\t<div class=\"elementor-widget-container\">\n\t\t\t\t\t\t\t\t\t<h2 data-start=\"116\" data-end=\"178\"><strong data-start=\"122\" data-end=\"178\">TeleRobot \u2013 automatyczny system wykonywania po\u0142\u0105cze\u0144<\/strong><\/h2><p data-start=\"180\" data-end=\"428\"><strong data-start=\"180\" data-end=\"193\">TeleRobot<\/strong> to zaawansowana platforma do <strong data-start=\"223\" data-end=\"277\">automatycznego wykonywania po\u0142\u0105cze\u0144 telefonicznych<\/strong>, przeznaczona do obs\u0142ugi du\u017cych wolumen\u00f3w kontakt\u00f3w bez udzia\u0142u operatora. System dzia\u0142a 24\/7 i znacz\u0105co zwi\u0119ksza skuteczno\u015b\u0107 komunikacji z klientami.<\/p><hr data-start=\"430\" data-end=\"433\" \/><h2 data-start=\"435\" data-end=\"467\">\ud83d\udcde <strong data-start=\"441\" data-end=\"467\">Zakres us\u0142ug TeleRobot<\/strong><\/h2><h3 data-start=\"469\" data-end=\"514\">\ud83d\udd39 <strong data-start=\"476\" data-end=\"514\">Automatyczne po\u0142\u0105czenia wychodz\u0105ce<\/strong><\/h3><p data-start=\"515\" data-end=\"610\">TeleRobot samodzielnie wykonuje po\u0142\u0105czenia do klient\u00f3w wed\u0142ug ustalonego scenariusza g\u0142osowego.<\/p><h3 data-start=\"612\" data-end=\"657\">\ud83d\udd39 <strong data-start=\"619\" data-end=\"657\">Personalizowane komunikaty g\u0142osowe<\/strong><\/h3><ul data-start=\"658\" data-end=\"817\"><li data-start=\"658\" data-end=\"723\"><p data-start=\"660\" data-end=\"723\">dynamiczne komunikaty g\u0142osowe (np. imi\u0119 klienta, kwota, termin)<\/p><\/li><li data-start=\"724\" data-end=\"767\"><p data-start=\"726\" data-end=\"767\">mo\u017cliwo\u015b\u0107 u\u017cycia r\u00f3\u017cnych g\u0142os\u00f3w i j\u0119zyk\u00f3w<\/p><\/li><li data-start=\"768\" data-end=\"817\"><p data-start=\"770\" data-end=\"817\">scenariusze dostosowane do konkretnego projektu<\/p><\/li><\/ul><h3 data-start=\"819\" data-end=\"850\">\ud83d\udd39 <strong data-start=\"826\" data-end=\"850\">Harmonogram po\u0142\u0105cze\u0144<\/strong><\/h3><ul data-start=\"851\" data-end=\"955\"><li data-start=\"851\" data-end=\"907\"><p data-start=\"853\" data-end=\"907\">mo\u017cliwo\u015b\u0107 ustawienia dni i godzin wykonywania po\u0142\u0105cze\u0144<\/p><\/li><li data-start=\"908\" data-end=\"955\"><p data-start=\"910\" data-end=\"955\">pe\u0142na kontrola nad czasem kontaktu z klientem<\/p><\/li><\/ul><h3 data-start=\"957\" data-end=\"1001\">\ud83d\udd39 <strong data-start=\"964\" data-end=\"1001\">Ponawianie nieodebranych po\u0142\u0105cze\u0144<\/strong><\/h3><ul data-start=\"1002\" data-end=\"1091\"><li data-start=\"1002\" data-end=\"1041\"><p data-start=\"1004\" data-end=\"1041\">automatyczne pr\u00f3by ponownego kontaktu<\/p><\/li><li data-start=\"1042\" data-end=\"1091\"><p data-start=\"1044\" data-end=\"1091\">mo\u017cliwo\u015b\u0107 u\u017cycia r\u00f3\u017cnych numer\u00f3w prezentowanych<\/p><\/li><\/ul><h3 data-start=\"1093\" data-end=\"1129\">\ud83d\udd39 <strong data-start=\"1100\" data-end=\"1129\">Obs\u0142uga du\u017cych baz danych<\/strong><\/h3><ul data-start=\"1130\" data-end=\"1213\"><li data-start=\"1130\" data-end=\"1172\"><p data-start=\"1132\" data-end=\"1172\">import danych z plik\u00f3w (np. Excel \/ CSV)<\/p><\/li><li data-start=\"1173\" data-end=\"1213\"><p data-start=\"1175\" data-end=\"1213\">szybkie przetwarzanie tysi\u0119cy rekord\u00f3w<\/p><\/li><\/ul><h3 data-start=\"1215\" data-end=\"1251\">\ud83d\udd39 <strong data-start=\"1222\" data-end=\"1251\">Raportowanie i statystyki<\/strong><\/h3><ul data-start=\"1252\" data-end=\"1356\"><li data-start=\"1252\" data-end=\"1295\"><p data-start=\"1254\" data-end=\"1295\">szczeg\u00f3\u0142owe raporty skuteczno\u015bci po\u0142\u0105cze\u0144<\/p><\/li><li data-start=\"1296\" data-end=\"1326\"><p data-start=\"1298\" data-end=\"1326\">eksport danych do plik\u00f3w CSV<\/p><\/li><li data-start=\"1327\" data-end=\"1356\"><p data-start=\"1329\" data-end=\"1356\">monitoring wynik\u00f3w kampanii<\/p><\/li><\/ul><h3 data-start=\"1358\" data-end=\"1389\">\ud83d\udd39 <strong data-start=\"1365\" data-end=\"1389\">Integracje systemowe<\/strong><\/h3><p data-start=\"1390\" data-end=\"1424\">TeleRobot mo\u017ce by\u0107 zintegrowany z:<\/p><ul data-start=\"1425\" data-end=\"1484\"><li data-start=\"1425\" data-end=\"1444\"><p data-start=\"1427\" data-end=\"1444\">systemami <strong data-start=\"1437\" data-end=\"1444\">PBX<\/strong><\/p><\/li><li data-start=\"1445\" data-end=\"1464\"><p data-start=\"1447\" data-end=\"1464\">systemami <strong data-start=\"1457\" data-end=\"1464\">CRM<\/strong><\/p><\/li><li data-start=\"1465\" data-end=\"1484\"><p data-start=\"1467\" data-end=\"1484\">systemami <strong data-start=\"1477\" data-end=\"1484\">ERP<\/strong><\/p><\/li><\/ul><p data-start=\"1486\" data-end=\"1552\">Dzi\u0119ki temu mo\u017cliwa jest pe\u0142na automatyzacja proces\u00f3w biznesowych.<\/p><hr data-start=\"1554\" data-end=\"1557\" \/><h2 data-start=\"1559\" data-end=\"1591\">\ud83e\udde0 <strong data-start=\"1565\" data-end=\"1591\">Zastosowanie TeleRobot<\/strong><\/h2><p data-start=\"1593\" data-end=\"1818\">\u2714 Windykacja i przypomnienia o p\u0142atno\u015bciach<br data-start=\"1636\" data-end=\"1639\" \/>\u2714 Informowanie klient\u00f3w (np. zmiany, powiadomienia)<br data-start=\"1690\" data-end=\"1693\" \/>\u2714 Kampanie informacyjne i marketingowe<br data-start=\"1731\" data-end=\"1734\" \/>\u2714 Obs\u0142uga masowych powiadomie\u0144 telefonicznych<br data-start=\"1779\" data-end=\"1782\" \/>\u2714 Automatyzacja kontaktu z klientami<\/p><hr data-start=\"1820\" data-end=\"1823\" \/><h2 data-start=\"1825\" data-end=\"1842\">\u2705 <strong data-start=\"1830\" data-end=\"1842\">Korzy\u015bci<\/strong><\/h2><ul data-start=\"1844\" data-end=\"2020\"><li data-start=\"1844\" data-end=\"1879\"><p data-start=\"1846\" data-end=\"1879\">znaczne obni\u017cenie koszt\u00f3w obs\u0142ugi<\/p><\/li><li data-start=\"1880\" data-end=\"1903\"><p data-start=\"1882\" data-end=\"1903\">praca 24\/7 bez przerw<\/p><\/li><li data-start=\"1904\" data-end=\"1945\"><p data-start=\"1906\" data-end=\"1945\">wysoka skuteczno\u015b\u0107 dotarcia do klient\u00f3w<\/p><\/li><li data-start=\"1946\" data-end=\"1988\"><p data-start=\"1948\" data-end=\"1988\">jednolity, profesjonalny standard rozm\u00f3w<\/p><\/li><li data-start=\"1989\" data-end=\"2020\"><p data-start=\"1991\" data-end=\"2020\">oszcz\u0119dno\u015b\u0107 czasu pracownik\u00f3w<\/p><\/li><\/ul>\t\t\t\t\t\t\t\t<\/div>\n\t\t\t\t<\/div>\n\t\t\t\t\t<\/div>\n\t\t<\/div>\n\t\t\t\t\t<\/div>\n\t\t<\/section>\n\t\t\t\t<section class=\"elementor-section elementor-top-section elementor-element elementor-element-b079f4c elementor-section-boxed elementor-section-height-default elementor-section-height-default\" data-id=\"b079f4c\" data-element_type=\"section\" data-e-type=\"section\">\n\t\t\t\t\t\t<div class=\"elementor-container elementor-column-gap-default\">\n\t\t\t\t\t<div class=\"elementor-column elementor-col-100 elementor-top-column elementor-element elementor-element-90fe6a2\" data-id=\"90fe6a2\" data-element_type=\"column\" data-e-type=\"column\">\n\t\t\t<div class=\"elementor-widget-wrap elementor-element-populated\">\n\t\t\t\t\t\t<div class=\"elementor-element elementor-element-b0d0bf2 elementor-align-center popmake-8149 elementor-widget elementor-widget-button\" data-id=\"b0d0bf2\" data-element_type=\"widget\" data-e-type=\"widget\" data-widget_type=\"button.default\">\n\t\t\t\t<div class=\"elementor-widget-container\">\n\t\t\t\t\t\t\t\t\t<div class=\"elementor-button-wrapper\">\n\t\t\t\t\t<a class=\"elementor-button elementor-button-link elementor-size-sm\" href=\"#\">\n\t\t\t\t\t\t<span class=\"elementor-button-content-wrapper\">\n\t\t\t\t\t\t\t\t\t<span class=\"elementor-button-text\">WYPR\u00d3BUJ ZA DARMO<\/span>\n\t\t\t\t\t<\/span>\n\t\t\t\t\t<\/a>\n\t\t\t\t<\/div>\n\t\t\t\t\t\t\t\t<\/div>\n\t\t\t\t<\/div>\n\t\t\t\t\t<\/div>\n\t\t<\/div>\n\t\t\t\t\t<\/div>\n\t\t<\/section>\n\t\t\t\t<\/div>\n\t\t","protected":false},"excerpt":{"rendered":"<p>\ud83e\udd16 TeleRobot \u2013 automatyczny system wykonywania po\u0142\u0105cze\u0144 TeleRobot \u2013 automatyczny system wykonywania po\u0142\u0105cze\u0144 TeleRobot to zaawansowana platforma do automatycznego wykonywania po\u0142\u0105cze\u0144 telefonicznych, przeznaczona do obs\u0142ugi du\u017cych wolumen\u00f3w kontakt\u00f3w bez udzia\u0142u operatora. System dzia\u0142a 24\/7 i znacz\u0105co zwi\u0119ksza skuteczno\u015b\u0107 komunikacji z klientami. \ud83d\udcde Zakres us\u0142ug TeleRobot \ud83d\udd39 Automatyczne po\u0142\u0105czenia wychodz\u0105ce TeleRobot samodzielnie wykonuje po\u0142\u0105czenia do klient\u00f3w [&hellip;]<\/p>\n","protected":false},"author":1,"featured_media":0,"parent":0,"menu_order":0,"comment_status":"closed","ping_status":"closed","template":"","meta":{"om_disable_all_campaigns":false,"_monsterinsights_skip_tracking":false,"_monsterinsights_sitenote_active":false,"_monsterinsights_sitenote_note":"","_monsterinsights_sitenote_category":0,"ocean_post_layout":"","ocean_both_sidebars_style":"","ocean_both_sidebars_content_width":0,"ocean_both_sidebars_sidebars_width":0,"ocean_sidebar":"","ocean_second_sidebar":"","ocean_disable_margins":"enable","ocean_add_body_class":"","ocean_shortcode_before_top_bar":"","ocean_shortcode_after_top_bar":"","ocean_shortcode_before_header":"","ocean_shortcode_after_header":"","ocean_has_shortcode":"","ocean_shortcode_after_title":"","ocean_shortcode_before_footer_widgets":"","ocean_shortcode_after_footer_widgets":"","ocean_shortcode_before_footer_bottom":"","ocean_shortcode_after_footer_bottom":"","ocean_display_top_bar":"default","ocean_display_header":"default","ocean_header_style":"","ocean_center_header_left_menu":"","ocean_custom_header_template":"","ocean_custom_logo":0,"ocean_custom_retina_logo":0,"ocean_custom_logo_max_width":0,"ocean_custom_logo_tablet_max_width":0,"ocean_custom_logo_mobile_max_width":0,"ocean_custom_logo_max_height":0,"ocean_custom_logo_tablet_max_height":0,"ocean_custom_logo_mobile_max_height":0,"ocean_header_custom_menu":"","ocean_menu_typo_font_family":"","ocean_menu_typo_font_subset":"","ocean_menu_typo_font_size":0,"ocean_menu_typo_font_size_tablet":0,"ocean_menu_typo_font_size_mobile":0,"ocean_menu_typo_font_size_unit":"px","ocean_menu_typo_font_weight":"","ocean_menu_typo_font_weight_tablet":"","ocean_menu_typo_font_weight_mobile":"","ocean_menu_typo_transform":"","ocean_menu_typo_transform_tablet":"","ocean_menu_typo_transform_mobile":"","ocean_menu_typo_line_height":0,"ocean_menu_typo_line_height_tablet":0,"ocean_menu_typo_line_height_mobile":0,"ocean_menu_typo_line_height_unit":"","ocean_menu_typo_spacing":0,"ocean_menu_typo_spacing_tablet":0,"ocean_menu_typo_spacing_mobile":0,"ocean_menu_typo_spacing_unit":"","ocean_menu_link_color":"","ocean_menu_link_color_hover":"","ocean_menu_link_color_active":"","ocean_menu_link_background":"","ocean_menu_link_hover_background":"","ocean_menu_link_active_background":"","ocean_menu_social_links_bg":"","ocean_menu_social_hover_links_bg":"","ocean_menu_social_links_color":"","ocean_menu_social_hover_links_color":"","ocean_disable_title":"default","ocean_disable_heading":"default","ocean_post_title":"","ocean_post_subheading":"","ocean_post_title_style":"","ocean_post_title_background_color":"","ocean_post_title_background":0,"ocean_post_title_bg_image_position":"","ocean_post_title_bg_image_attachment":"","ocean_post_title_bg_image_repeat":"","ocean_post_title_bg_image_size":"","ocean_post_title_height":0,"ocean_post_title_bg_overlay":0.5,"ocean_post_title_bg_overlay_color":"","ocean_disable_breadcrumbs":"default","ocean_breadcrumbs_color":"","ocean_breadcrumbs_separator_color":"","ocean_breadcrumbs_links_color":"","ocean_breadcrumbs_links_hover_color":"","ocean_display_footer_widgets":"default","ocean_display_footer_bottom":"default","ocean_custom_footer_template":"","footnotes":""},"class_list":["post-8843","page","type-page","status-publish","hentry","entry"],"aioseo_notices":[],"_links":{"self":[{"href":"https:\/\/3cxcloud.lt\/pl\/wp-json\/wp\/v2\/pages\/8843","targetHints":{"allow":["GET"]}}],"collection":[{"href":"https:\/\/3cxcloud.lt\/pl\/wp-json\/wp\/v2\/pages"}],"about":[{"href":"https:\/\/3cxcloud.lt\/pl\/wp-json\/wp\/v2\/types\/page"}],"author":[{"embeddable":true,"href":"https:\/\/3cxcloud.lt\/pl\/wp-json\/wp\/v2\/users\/1"}],"replies":[{"embeddable":true,"href":"https:\/\/3cxcloud.lt\/pl\/wp-json\/wp\/v2\/comments?post=8843"}],"version-history":[{"count":10,"href":"https:\/\/3cxcloud.lt\/pl\/wp-json\/wp\/v2\/pages\/8843\/revisions"}],"predecessor-version":[{"id":8858,"href":"https:\/\/3cxcloud.lt\/pl\/wp-json\/wp\/v2\/pages\/8843\/revisions\/8858"}],"wp:attachment":[{"href":"https:\/\/3cxcloud.lt\/pl\/wp-json\/wp\/v2\/media?parent=8843"}],"curies":[{"name":"wp","href":"https:\/\/api.w.org\/{rel}","templated":true}]}}